{"id":2531,"date":"2020-03-30T14:30:54","date_gmt":"2020-03-30T14:30:54","guid":{"rendered":"http:\/\/leaotire.fr\/?page_id=2531"},"modified":"2020-10-29T14:18:17","modified_gmt":"2020-10-29T14:18:17","slug":"winter-defender-hp","status":"publish","type":"page","link":"https:\/\/www.leao.es\/fr\/winter-defender-hp\/","title":{"rendered":"Winter Defender HP"},"content":{"rendered":"\t\t<div data-elementor-type=\"wp-page\" data-elementor-id=\"2531\" class=\"elementor elementor-2531\" data-elementor-post-type=\"page\">\n\t\t\t\t\t\t<section class=\"elementor-section elementor-top-section elementor-element elementor-element-3b3a7a78 elementor-section-full_width elementor-section-height-default elementor-section-height-default\" data-id=\"3b3a7a78\" data-element_type=\"section\">\n\t\t\t\t\t\t<div class=\"elementor-container elementor-column-gap-default\">\n\t\t\t\t\t<div class=\"elementor-column elementor-col-33 elementor-top-column elementor-element elementor-element-d79c83a\" data-id=\"d79c83a\" data-element_type=\"column\">\n\t\t\t<div class=\"elementor-widget-wrap elementor-element-populated\">\n\t\t\t\t\t\t<div class=\"elementor-element elementor-element-7b5a2c15 elementor-invisible elementor-widget elementor-widget-image\" data-id=\"7b5a2c15\" data-element_type=\"widget\" data-settings=\"{&quot;_animation&quot;:&quot;bounceInLeft&quot;}\" data-widget_type=\"image.default\">\n\t\t\t\t<div class=\"elementor-widget-container\">\n\t\t\t\t\t\t\t\t\t\t\t\t\t<img fetchpriority=\"high\" decoding=\"async\" width=\"580\" height=\"925\" src=\"https:\/\/www.leao.es\/wp-content\/uploads\/2020\/03\/WinterDefender_HP.png\" class=\"elementor-animation-grow attachment-large size-large wp-image-2362\" alt=\"\" srcset=\"https:\/\/www.leao.es\/wp-content\/uploads\/2020\/03\/WinterDefender_HP.png 580w, https:\/\/www.leao.es\/wp-content\/uploads\/2020\/03\/WinterDefender_HP-188x300.png 188w\" sizes=\"(max-width: 580px) 100vw, 580px\" \/>\t\t\t\t\t\t\t\t\t\t\t\t\t<\/div>\n\t\t\t\t<\/div>\n\t\t\t\t\t<\/div>\n\t\t<\/div>\n\t\t\t\t<div class=\"elementor-column elementor-col-33 elementor-top-column elementor-element elementor-element-1c4b2fd7\" data-id=\"1c4b2fd7\" data-element_type=\"column\">\n\t\t\t<div class=\"elementor-widget-wrap\">\n\t\t\t\t\t\t\t<\/div>\n\t\t<\/div>\n\t\t\t\t<div class=\"elementor-column elementor-col-33 elementor-top-column elementor-element elementor-element-665925c elementor-invisible\" data-id=\"665925c\" data-element_type=\"column\" data-settings=\"{&quot;animation&quot;:&quot;bounceInRight&quot;}\">\n\t\t\t<div class=\"elementor-widget-wrap elementor-element-populated\">\n\t\t\t\t\t\t<div class=\"elementor-element elementor-element-dfc5565 elementor-widget elementor-widget-image\" data-id=\"dfc5565\" data-element_type=\"widget\" data-widget_type=\"image.default\">\n\t\t\t\t<div class=\"elementor-widget-container\">\n\t\t\t\t\t\t\t\t\t\t\t\t\t<img decoding=\"async\" width=\"980\" height=\"146\" src=\"https:\/\/www.leao.es\/wp-content\/uploads\/2020\/03\/Logo_Winter_defender_HP-1024x153.png\" class=\"attachment-large size-large wp-image-2366\" alt=\"\" srcset=\"https:\/\/www.leao.es\/wp-content\/uploads\/2020\/03\/Logo_Winter_defender_HP-1024x153.png 1024w, https:\/\/www.leao.es\/wp-content\/uploads\/2020\/03\/Logo_Winter_defender_HP-300x45.png 300w, https:\/\/www.leao.es\/wp-content\/uploads\/2020\/03\/Logo_Winter_defender_HP-768x115.png 768w, https:\/\/www.leao.es\/wp-content\/uploads\/2020\/03\/Logo_Winter_defender_HP-1536x230.png 1536w, https:\/\/www.leao.es\/wp-content\/uploads\/2020\/03\/Logo_Winter_defender_HP-2048x307.png 2048w\" sizes=\"(max-width: 980px) 100vw, 980px\" \/>\t\t\t\t\t\t\t\t\t\t\t\t\t<\/div>\n\t\t\t\t<\/div>\n\t\t\t\t<div class=\"elementor-element elementor-element-483dfc7 elementor-widget-divider--view-line elementor-widget elementor-widget-divider\" data-id=\"483dfc7\" data-element_type=\"widget\" data-widget_type=\"divider.default\">\n\t\t\t\t<div class=\"elementor-widget-container\">\n\t\t\t\t\t<div class=\"elementor-divider\">\n\t\t\t<span class=\"elementor-divider-separator\">\n\t\t\t\t\t\t<\/span>\n\t\t<\/div>\n\t\t\t\t<\/div>\n\t\t\t\t<\/div>\n\t\t\t\t<div class=\"elementor-element elementor-element-67d2d7c6 elementor-widget elementor-widget-heading\" data-id=\"67d2d7c6\" data-element_type=\"widget\" data-widget_type=\"heading.default\">\n\t\t\t\t<div class=\"elementor-widget-container\">\n\t\t\t<h2 class=\"elementor-heading-title elementor-size-default\">Le profil hiver haute performance\n\n\n<\/h2>\t\t<\/div>\n\t\t\t\t<\/div>\n\t\t\t\t<div class=\"elementor-element elementor-element-34bca0ff elementor-widget elementor-widget-text-editor\" data-id=\"34bca0ff\" data-element_type=\"widget\" data-widget_type=\"text-editor.default\">\n\t\t\t\t<div class=\"elementor-widget-container\">\n\t\t\t\t\t\t\t<p><i>Le pneu hiver destin\u00e9 aux conducteurs recherchant s\u00e9curit\u00e9 et maniabilit\u00e9 sur les sols enneig\u00e9s.<\/i><\/p>\t\t\t\t\t\t<\/div>\n\t\t\t\t<\/div>\n\t\t\t\t<div class=\"elementor-element elementor-element-495b4233 elementor-align-left elementor-icon-list--layout-traditional elementor-list-item-link-full_width elementor-widget elementor-widget-icon-list\" data-id=\"495b4233\" data-element_type=\"widget\" data-widget_type=\"icon-list.default\">\n\t\t\t\t<div class=\"elementor-widget-container\">\n\t\t\t\t\t<ul class=\"elementor-icon-list-items\">\n\t\t\t\t\t\t\t<li class=\"elementor-icon-list-item\">\n\t\t\t\t\t\t\t\t\t\t\t<span class=\"elementor-icon-list-icon\">\n\t\t\t\t\t\t\t<i aria-hidden=\"true\" class=\"fas fa-check-circle\"><\/i>\t\t\t\t\t\t<\/span>\n\t\t\t\t\t\t\t\t\t\t<span class=\"elementor-icon-list-text\">Profil directionnel : Meilleur grip et maniabilit\u00e9 sur les sols enneig\u00e9s.<\/span>\n\t\t\t\t\t\t\t\t\t<\/li>\n\t\t\t\t\t\t\t\t<li class=\"elementor-icon-list-item\">\n\t\t\t\t\t\t\t\t\t\t\t<span class=\"elementor-icon-list-icon\">\n\t\t\t\t\t\t\t<i aria-hidden=\"true\" class=\"fas fa-check-circle\"><\/i>\t\t\t\t\t\t<\/span>\n\t\t\t\t\t\t\t\t\t\t<span class=\"elementor-icon-list-text\">Lam\u00e9llisation 3D typ\u00e9 hiver : motricit\u00e9 accrue sur la neige et le verglas.<\/span>\n\t\t\t\t\t\t\t\t\t<\/li>\n\t\t\t\t\t\t\t\t<li class=\"elementor-icon-list-item\">\n\t\t\t\t\t\t\t\t\t\t\t<span class=\"elementor-icon-list-icon\">\n\t\t\t\t\t\t\t<i aria-hidden=\"true\" class=\"fas fa-check-circle\"><\/i>\t\t\t\t\t\t<\/span>\n\t\t\t\t\t\t\t\t\t\t<span class=\"elementor-icon-list-text\">Flancs renforc\u00e9s : R\u00e9duits les risques de d\u00e9chirures et am\u00e9liore la r\u00e9sistance aux chocs.<\/span>\n\t\t\t\t\t\t\t\t\t<\/li>\n\t\t\t\t\t\t<\/ul>\n\t\t\t\t<\/div>\n\t\t\t\t<\/div>\n\t\t\t\t<div class=\"elementor-element elementor-element-74ef5522 elementor-widget elementor-widget-heading\" data-id=\"74ef5522\" data-element_type=\"widget\" data-widget_type=\"heading.default\">\n\t\t\t\t<div class=\"elementor-widget-container\">\n\t\t\t<h2 class=\"elementor-heading-title elementor-size-default\">Caract\u00e9ristiques et comportement :<\/h2>\t\t<\/div>\n\t\t\t\t<\/div>\n\t\t\t\t<div class=\"elementor-element elementor-element-3d007aa9 elementor-widget elementor-widget-progress\" data-id=\"3d007aa9\" data-element_type=\"widget\" data-widget_type=\"progress.default\">\n\t\t\t\t<div class=\"elementor-widget-container\">\n\t\t\t\t\t\t<span class=\"elementor-title\" id=\"elementor-progress-bar-3d007aa9\">\n\t\t\t\tGrip sur la neige\t\t\t<\/span>\n\t\t\n\t\t<div aria-labelledby=\"elementor-progress-bar-3d007aa9\" class=\"elementor-progress-wrapper progress-success\" role=\"progressbar\" aria-valuemin=\"0\" aria-valuemax=\"100\" aria-valuenow=\"75\">\n\t\t\t<div class=\"elementor-progress-bar\" data-max=\"75\">\n\t\t\t\t<span class=\"elementor-progress-text\"><\/span>\n\t\t\t\t\t\t\t\t\t<span class=\"elementor-progress-percentage\">75%<\/span>\n\t\t\t\t\t\t\t<\/div>\n\t\t<\/div>\n\t\t\t\t<\/div>\n\t\t\t\t<\/div>\n\t\t\t\t<div class=\"elementor-element elementor-element-16354182 elementor-widget elementor-widget-progress\" data-id=\"16354182\" data-element_type=\"widget\" data-widget_type=\"progress.default\">\n\t\t\t\t<div class=\"elementor-widget-container\">\n\t\t\t\t\t\t<span class=\"elementor-title\" id=\"elementor-progress-bar-16354182\">\n\t\t\t\tGrip sur route s\u00e8che\t\t\t<\/span>\n\t\t\n\t\t<div aria-labelledby=\"elementor-progress-bar-16354182\" class=\"elementor-progress-wrapper progress-success\" role=\"progressbar\" aria-valuemin=\"0\" aria-valuemax=\"100\" aria-valuenow=\"70\">\n\t\t\t<div class=\"elementor-progress-bar\" data-max=\"70\">\n\t\t\t\t<span class=\"elementor-progress-text\"><\/span>\n\t\t\t\t\t\t\t\t\t<span class=\"elementor-progress-percentage\">70%<\/span>\n\t\t\t\t\t\t\t<\/div>\n\t\t<\/div>\n\t\t\t\t<\/div>\n\t\t\t\t<\/div>\n\t\t\t\t<div class=\"elementor-element elementor-element-7e6ad49a elementor-widget elementor-widget-progress\" data-id=\"7e6ad49a\" data-element_type=\"widget\" data-widget_type=\"progress.default\">\n\t\t\t\t<div class=\"elementor-widget-container\">\n\t\t\t\t\t\t<span class=\"elementor-title\" id=\"elementor-progress-bar-7e6ad49a\">\n\t\t\t\tFreinage sur route mouill\u00e9e\t\t\t<\/span>\n\t\t\n\t\t<div aria-labelledby=\"elementor-progress-bar-7e6ad49a\" class=\"elementor-progress-wrapper progress-success\" role=\"progressbar\" aria-valuemin=\"0\" aria-valuemax=\"100\" aria-valuenow=\"70\">\n\t\t\t<div class=\"elementor-progress-bar\" data-max=\"70\">\n\t\t\t\t<span class=\"elementor-progress-text\"><\/span>\n\t\t\t\t\t\t\t\t\t<span class=\"elementor-progress-percentage\">70%<\/span>\n\t\t\t\t\t\t\t<\/div>\n\t\t<\/div>\n\t\t\t\t<\/div>\n\t\t\t\t<\/div>\n\t\t\t\t<div class=\"elementor-element elementor-element-1b368f81 elementor-widget elementor-widget-progress\" data-id=\"1b368f81\" data-element_type=\"widget\" data-widget_type=\"progress.default\">\n\t\t\t\t<div class=\"elementor-widget-container\">\n\t\t\t\t\t\t<span class=\"elementor-title\" id=\"elementor-progress-bar-1b368f81\">\n\t\t\t\tConfort de conduite\t\t\t<\/span>\n\t\t\n\t\t<div aria-labelledby=\"elementor-progress-bar-1b368f81\" class=\"elementor-progress-wrapper progress-success\" role=\"progressbar\" aria-valuemin=\"0\" aria-valuemax=\"100\" aria-valuenow=\"85\">\n\t\t\t<div class=\"elementor-progress-bar\" data-max=\"85\">\n\t\t\t\t<span class=\"elementor-progress-text\"><\/span>\n\t\t\t\t\t\t\t\t\t<span class=\"elementor-progress-percentage\">85%<\/span>\n\t\t\t\t\t\t\t<\/div>\n\t\t<\/div>\n\t\t\t\t<\/div>\n\t\t\t\t<\/div>\n\t\t\t\t<div class=\"elementor-element elementor-element-5f368a05 elementor-align-left elementor-invisible elementor-widget elementor-widget-button\" data-id=\"5f368a05\" data-element_type=\"widget\" data-settings=\"{&quot;_animation&quot;:&quot;bounceIn&quot;}\" data-widget_type=\"button.default\">\n\t\t\t\t<div class=\"elementor-widget-container\">\n\t\t\t\t\t<div class=\"elementor-button-wrapper\">\n\t\t\t<a class=\"elementor-button elementor-button-link elementor-size-xl elementor-animation-grow\" href=\"https:\/\/www.leao.es\/trouvez-un-revendeur\/\">\n\t\t\t\t\t\t<span class=\"elementor-button-content-wrapper\">\n\t\t\t\t\t\t<span class=\"elementor-button-icon\">\n\t\t\t\t<i aria-hidden=\"true\" class=\"fas fa-map-marked-alt\"><\/i>\t\t\t<\/span>\n\t\t\t\t\t\t\t\t\t<span class=\"elementor-button-text\">Trouvez votre revendeur Leao Tire pr\u00e8s de chez vous<\/span>\n\t\t\t\t\t<\/span>\n\t\t\t\t\t<\/a>\n\t\t<\/div>\n\t\t\t\t<\/div>\n\t\t\t\t<\/div>\n\t\t\t\t\t<\/div>\n\t\t<\/div>\n\t\t\t\t\t<\/div>\n\t\t<\/section>\n\t\t\t\t<section class=\"elementor-section elementor-top-section elementor-element elementor-element-64071b81 elementor-section-boxed elementor-section-height-default elementor-section-height-default elementor-invisible\" data-id=\"64071b81\" data-element_type=\"section\" data-settings=\"{&quot;background_background&quot;:&quot;classic&quot;,&quot;animation&quot;:&quot;fadeInDown&quot;}\">\n\t\t\t\t\t\t<div class=\"elementor-container elementor-column-gap-default\">\n\t\t\t\t\t<div class=\"elementor-column elementor-col-100 elementor-top-column elementor-element elementor-element-3e85b59d\" data-id=\"3e85b59d\" data-element_type=\"column\">\n\t\t\t<div class=\"elementor-widget-wrap elementor-element-populated\">\n\t\t\t\t\t\t<div class=\"elementor-element elementor-element-64c1596e elementor-widget elementor-widget-heading\" data-id=\"64c1596e\" data-element_type=\"widget\" data-widget_type=\"heading.default\">\n\t\t\t\t<div class=\"elementor-widget-container\">\n\t\t\t<h2 class=\"elementor-heading-title elementor-size-default\">Une question ? On vous r\u00e9pond !<\/h2>\t\t<\/div>\n\t\t\t\t<\/div>\n\t\t\t\t<div class=\"elementor-element elementor-element-5ed67cfe elementor-widget elementor-widget-text-editor\" data-id=\"5ed67cfe\" data-element_type=\"widget\" data-widget_type=\"text-editor.default\">\n\t\t\t\t<div class=\"elementor-widget-container\">\n\t\t\t\t\t\t\t<p>Vous recherchez un revendeur Leao Tyre proche de chez vous ? Vous avez besoin d&rsquo;informations techniques concernant nos pneumatiques ? Ou une simple question \u00e0 propos de notre marque ? Ecrivez-nous via le formulaire ci-dessous, nous vous r\u00e9pondrons dans les plus bref d\u00e9lais.<\/p>\t\t\t\t\t\t<\/div>\n\t\t\t\t<\/div>\n\t\t\t\t\t<\/div>\n\t\t<\/div>\n\t\t\t\t\t<\/div>\n\t\t<\/section>\n\t\t\t\t<section class=\"elementor-section elementor-top-section elementor-element elementor-element-388fb29f elementor-section-stretched elementor-section-full_width elementor-section-height-default elementor-section-height-default\" data-id=\"388fb29f\" data-element_type=\"section\" data-settings=\"{&quot;stretch_section&quot;:&quot;section-stretched&quot;,&quot;background_background&quot;:&quot;classic&quot;}\">\n\t\t\t\t\t\t\t<div class=\"elementor-background-overlay\"><\/div>\n\t\t\t\t\t\t\t<div class=\"elementor-container elementor-column-gap-default\">\n\t\t\t\t\t<div class=\"elementor-column elementor-col-100 elementor-top-column elementor-element elementor-element-16a712a1\" data-id=\"16a712a1\" data-element_type=\"column\" data-settings=\"{&quot;background_background&quot;:&quot;classic&quot;}\">\n\t\t\t<div class=\"elementor-widget-wrap\">\n\t\t\t\t\t<div class=\"elementor-background-overlay\"><\/div>\n\t\t\t\t\t\t\t<\/div>\n\t\t<\/div>\n\t\t\t\t\t<\/div>\n\t\t<\/section>\n\t\t\t\t<\/div>\n\t\t","protected":false},"excerpt":{"rendered":"<p>Le profil hiver haute performance Le pneu hiver destin\u00e9 aux conducteurs recherchant s\u00e9curit\u00e9 et maniabilit\u00e9 sur les sols enneig\u00e9s. Profil directionnel : Meilleur grip et maniabilit\u00e9 sur les sols enneig\u00e9s. Lam\u00e9llisation 3D typ\u00e9 hiver : motricit\u00e9 accrue sur la neige et le verglas. Flancs renforc\u00e9s : R\u00e9duits les risques de d\u00e9chirures et am\u00e9liore la r\u00e9sistance [&hellip;]<\/p>\n","protected":false},"author":1,"featured_media":0,"parent":0,"menu_order":0,"comment_status":"closed","ping_status":"closed","template":"elementor_canvas","meta":{"_eb_attr":"","footnotes":""},"_links":{"self":[{"href":"https:\/\/www.leao.es\/fr\/wp-json\/wp\/v2\/pages\/2531"}],"collection":[{"href":"https:\/\/www.leao.es\/fr\/wp-json\/wp\/v2\/pages"}],"about":[{"href":"https:\/\/www.leao.es\/fr\/wp-json\/wp\/v2\/types\/page"}],"author":[{"embeddable":true,"href":"https:\/\/www.leao.es\/fr\/wp-json\/wp\/v2\/users\/1"}],"replies":[{"embeddable":true,"href":"https:\/\/www.leao.es\/fr\/wp-json\/wp\/v2\/comments?post=2531"}],"version-history":[{"count":9,"href":"https:\/\/www.leao.es\/fr\/wp-json\/wp\/v2\/pages\/2531\/revisions"}],"predecessor-version":[{"id":3601,"href":"https:\/\/www.leao.es\/fr\/wp-json\/wp\/v2\/pages\/2531\/revisions\/3601"}],"wp:attachment":[{"href":"https:\/\/www.leao.es\/fr\/wp-json\/wp\/v2\/media?parent=2531"}],"curies":[{"name":"wp","href":"https:\/\/api.w.org\/{rel}","templated":true}]}}