{"id":4413,"date":"2019-12-17T10:34:22","date_gmt":"2019-12-17T10:34:22","guid":{"rendered":"https:\/\/www.leao.es\/condicoes-de-uso\/"},"modified":"2024-08-07T10:32:55","modified_gmt":"2024-08-07T10:32:55","slug":"condicoes-de-uso","status":"publish","type":"page","link":"https:\/\/www.leao.es\/pt-pt\/condicoes-de-uso\/","title":{"rendered":"Condi\u00e7\u00f5es de uso"},"content":{"rendered":"\t\t<div data-elementor-type=\"wp-page\" data-elementor-id=\"4413\" class=\"elementor elementor-4413 elementor-3867\" data-elementor-post-type=\"page\">\n\t\t\t\t\t\t<section class=\"elementor-section elementor-top-section elementor-element elementor-element-6e514cb6 elementor-section-boxed elementor-section-height-default elementor-section-height-default\" data-id=\"6e514cb6\" data-element_type=\"section\" data-settings=\"{&quot;background_background&quot;:&quot;classic&quot;}\">\n\t\t\t\t\t\t\t<div class=\"elementor-background-overlay\"><\/div>\n\t\t\t\t\t\t\t<div class=\"elementor-container elementor-column-gap-default\">\n\t\t\t\t\t<div class=\"elementor-column elementor-col-100 elementor-top-column elementor-element elementor-element-65d2b111\" data-id=\"65d2b111\" data-element_type=\"column\">\n\t\t\t<div class=\"elementor-widget-wrap elementor-element-populated\">\n\t\t\t\t\t\t<div class=\"elementor-element elementor-element-11c3fba0 animated-slow elementor-invisible elementor-widget elementor-widget-heading\" data-id=\"11c3fba0\" data-element_type=\"widget\" data-settings=\"{&quot;motion_fx_motion_fx_scrolling&quot;:&quot;yes&quot;,&quot;motion_fx_translateY_effect&quot;:&quot;yes&quot;,&quot;motion_fx_translateY_direction&quot;:&quot;negative&quot;,&quot;motion_fx_translateY_speed&quot;:{&quot;unit&quot;:&quot;px&quot;,&quot;size&quot;:3.5,&quot;sizes&quot;:[]},&quot;motion_fx_motion_fx_mouse&quot;:&quot;yes&quot;,&quot;_animation&quot;:&quot;zoomIn&quot;,&quot;motion_fx_translateY_affectedRange&quot;:{&quot;unit&quot;:&quot;%&quot;,&quot;size&quot;:&quot;&quot;,&quot;sizes&quot;:{&quot;start&quot;:0,&quot;end&quot;:100}},&quot;motion_fx_devices&quot;:[&quot;desktop&quot;,&quot;tablet&quot;,&quot;mobile&quot;]}\" data-widget_type=\"heading.default\">\n\t\t\t\t<div class=\"elementor-widget-container\">\n\t\t\t<h2 class=\"elementor-heading-title elementor-size-default\">Condi\u00e7\u00f5es de uso  <\/h2>\t\t<\/div>\n\t\t\t\t<\/div>\n\t\t\t\t\t<\/div>\n\t\t<\/div>\n\t\t\t\t\t<\/div>\n\t\t<\/section>\n\t\t\t\t<section class=\"elementor-section elementor-top-section elementor-element elementor-element-d9a781d elementor-section-stretched elementor-section-full_width elementor-section-height-default elementor-section-height-default\" data-id=\"d9a781d\" data-element_type=\"section\" data-settings=\"{&quot;stretch_section&quot;:&quot;section-stretched&quot;,&quot;background_background&quot;:&quot;classic&quot;}\">\n\t\t\t\t\t\t\t<div class=\"elementor-background-overlay\"><\/div>\n\t\t\t\t\t\t\t<div class=\"elementor-container elementor-column-gap-default\">\n\t\t\t\t\t<div class=\"elementor-column elementor-col-100 elementor-top-column elementor-element elementor-element-67d0dc64\" data-id=\"67d0dc64\" data-element_type=\"column\">\n\t\t\t<div class=\"elementor-widget-wrap elementor-element-populated\">\n\t\t\t\t\t\t<div class=\"elementor-element elementor-element-74b078fe elementor-widget elementor-widget-heading\" data-id=\"74b078fe\" data-element_type=\"widget\" data-widget_type=\"heading.default\">\n\t\t\t\t<div class=\"elementor-widget-container\">\n\t\t\t<h2 class=\"elementor-heading-title elementor-size-default\">Condi\u00e7\u00f5es de utiliza\u00e7\u00e3o do site www.leao.es<\/h2>\t\t<\/div>\n\t\t\t\t<\/div>\n\t\t\t\t<div class=\"elementor-element elementor-element-5a68c4a7 elementor-widget elementor-widget-text-editor\" data-id=\"5a68c4a7\" data-element_type=\"widget\" data-widget_type=\"text-editor.default\">\n\t\t\t\t<div class=\"elementor-widget-container\">\n\t\t\t\t\t\t\t<p>Em vigor a partir <sup>de 1\u00ba<\/sup> de janeiro de 2020<\/p>\n\t\t\t\t\t\t<\/div>\n\t\t\t\t<\/div>\n\t\t\t\t\t<\/div>\n\t\t<\/div>\n\t\t\t\t\t<\/div>\n\t\t<\/section>\n\t\t\t\t<section class=\"elementor-section elementor-top-section elementor-element elementor-element-712aa22b elementor-section-boxed elementor-section-height-default elementor-section-height-default\" data-id=\"712aa22b\" data-element_type=\"section\">\n\t\t\t\t\t\t<div class=\"elementor-container elementor-column-gap-default\">\n\t\t\t\t\t<div class=\"elementor-column elementor-col-100 elementor-top-column elementor-element elementor-element-5d8a93cf\" data-id=\"5d8a93cf\" data-element_type=\"column\">\n\t\t\t<div class=\"elementor-widget-wrap elementor-element-populated\">\n\t\t\t\t\t\t<div class=\"elementor-element elementor-element-e277b8c elementor-widget elementor-widget-text-editor\" data-id=\"e277b8c\" data-element_type=\"widget\" data-widget_type=\"text-editor.default\">\n\t\t\t\t<div class=\"elementor-widget-container\">\n\t\t\t\t\t\t\t<p>O objetivo das Condi\u00e7\u00f5es Gerais de Utiliza\u00e7\u00e3o \u00e9 estabelecer um quadro jur\u00eddico para a disponibiliza\u00e7\u00e3o do site <a href=\"http:\/\/www.Leaotire.fr\">www.leao.es e<\/a> dos seus servi\u00e7os, bem como definir as condi\u00e7\u00f5es de acesso e utiliza\u00e7\u00e3o do mesmo.  <\/p>\n<p>Estes Termos de Uso est\u00e3o dispon\u00edveis no site sob o t\u00edtulo \u201cTermos de Uso\u201d.<\/p>\n<p>Os Termos de Uso dever\u00e3o ser aceitos por qualquer usu\u00e1rio que deseje acessar o site. Eles constituem o contrato entre o site e o usu\u00e1rio. O acesso ao site pelo usu\u00e1rio implica a aceita\u00e7\u00e3o destes Termos de Uso. Voc\u00ea concorda em cumprir estas condi\u00e7\u00f5es.   <\/p>\n<p>Em caso de n\u00e3o aceita\u00e7\u00e3o das Condi\u00e7\u00f5es de utiliza\u00e7\u00e3o estipuladas neste contrato, o usu\u00e1rio dever\u00e1 renunciar ao acesso aos servi\u00e7os oferecidos pelo site. <a href=\"http:\/\/www.Leaotire.fr\">www.leao.es<\/a> reserva-se o direito de modificar unilateralmente o conte\u00fado destas Condi\u00e7\u00f5es de Uso a qualquer momento.<\/p>\n\t\t\t\t\t\t<\/div>\n\t\t\t\t<\/div>\n\t\t\t\t\t<\/div>\n\t\t<\/div>\n\t\t\t\t\t<\/div>\n\t\t<\/section>\n\t\t\t\t<section class=\"elementor-section elementor-top-section elementor-element elementor-element-6058e069 elementor-section-boxed elementor-section-height-default elementor-section-height-default\" data-id=\"6058e069\" data-element_type=\"section\">\n\t\t\t\t\t\t<div class=\"elementor-container elementor-column-gap-default\">\n\t\t\t\t\t<div class=\"elementor-column elementor-col-100 elementor-top-column elementor-element elementor-element-47319b61\" data-id=\"47319b61\" data-element_type=\"column\">\n\t\t\t<div class=\"elementor-widget-wrap elementor-element-populated\">\n\t\t\t\t\t\t<div class=\"elementor-element elementor-element-12a5fb1c elementor-widget elementor-widget-accordion\" data-id=\"12a5fb1c\" data-element_type=\"widget\" data-widget_type=\"accordion.default\">\n\t\t\t\t<div class=\"elementor-widget-container\">\n\t\t\t\t\t<div class=\"elementor-accordion\">\n\t\t\t\t\t\t\t<div class=\"elementor-accordion-item\">\n\t\t\t\t\t<div id=\"elementor-tab-title-3121\" class=\"elementor-tab-title\" data-tab=\"1\" role=\"button\" aria-controls=\"elementor-tab-content-3121\" aria-expanded=\"false\">\n\t\t\t\t\t\t\t\t\t\t\t\t\t<span class=\"elementor-accordion-icon elementor-accordion-icon-left\" aria-hidden=\"true\">\n\t\t\t\t\t\t\t\t\t\t\t\t\t\t\t<span class=\"elementor-accordion-icon-closed\"><i class=\"fas fa-plus-circle\"><\/i><\/span>\n\t\t\t\t\t\t\t\t<span class=\"elementor-accordion-icon-opened\"><i class=\"fas fa-minus-circle\"><\/i><\/span>\n\t\t\t\t\t\t\t\t\t\t\t\t\t\t<\/span>\n\t\t\t\t\t\t\t\t\t\t\t\t<a class=\"elementor-accordion-title\" tabindex=\"0\">ARTIGO 1: Informa\u00e7\u00f5es legais<\/a>\n\t\t\t\t\t<\/div>\n\t\t\t\t\t<div id=\"elementor-tab-content-3121\" class=\"elementor-tab-content elementor-clearfix\" data-tab=\"1\" role=\"region\" aria-labelledby=\"elementor-tab-title-3121\"><p>O site <a href=\"http:\/\/www.LeaoTyre.fr\">www.leao.es<\/a> \u00e9 publicado pela AD Parts, agente exclusivo para Espanha e Portugal da marca Leao Tire em nome da Shandong Linglong Tire CO, LTD. AD Parts SL com NIF B17228081 e sede social em AV MAS VILA 139-147 17457, RIUDELLOTS DE LA SELVA (GIRONA), Telefone 972 39 70 00, email: <a href=\"mailto:dipropneu@dipropneu.fr\">mail@adparts.com<\/a>  <\/p>\n<\/div>\n\t\t\t\t<\/div>\n\t\t\t\t\t\t\t<div class=\"elementor-accordion-item\">\n\t\t\t\t\t<div id=\"elementor-tab-title-3122\" class=\"elementor-tab-title\" data-tab=\"2\" role=\"button\" aria-controls=\"elementor-tab-content-3122\" aria-expanded=\"false\">\n\t\t\t\t\t\t\t\t\t\t\t\t\t<span class=\"elementor-accordion-icon elementor-accordion-icon-left\" aria-hidden=\"true\">\n\t\t\t\t\t\t\t\t\t\t\t\t\t\t\t<span class=\"elementor-accordion-icon-closed\"><i class=\"fas fa-plus-circle\"><\/i><\/span>\n\t\t\t\t\t\t\t\t<span class=\"elementor-accordion-icon-opened\"><i class=\"fas fa-minus-circle\"><\/i><\/span>\n\t\t\t\t\t\t\t\t\t\t\t\t\t\t<\/span>\n\t\t\t\t\t\t\t\t\t\t\t\t<a class=\"elementor-accordion-title\" tabindex=\"0\">ARTIGO 2: Acesso ao site<\/a>\n\t\t\t\t\t<\/div>\n\t\t\t\t\t<div id=\"elementor-tab-content-3122\" class=\"elementor-tab-content elementor-clearfix\" data-tab=\"2\" role=\"region\" aria-labelledby=\"elementor-tab-title-3122\"><p>O site <a href=\"http:\/\/www.LeaoTyre.fr\">www.leao.es<\/a> oferece aos usu\u00e1rios acesso gratuito aos seguintes servi\u00e7os:<\/p>\n<ul>\n<li>Conhe\u00e7a a marca e seus produtos<\/li>\n<li>Inscreva-se no programa de Garantia Vital\u00edcia<\/li>\n<li>Solicita\u00e7\u00e3o de garantia do produto<\/li>\n<li>D\u00favidas sobre os produtos ou a marca<\/li>\n<\/ul>\n<p>O site \u00e9 gratuito para acesso de qualquer lugar para qualquer usu\u00e1rio com acesso \u00e0 Internet. Todos os custos incorridos pelo utilizador para aceder ao servi\u00e7o (hardware, software, liga\u00e7\u00e3o \u00e0 Internet, etc.) ser\u00e3o suportados pelo utilizador. <\/p>\n<p>www.leao.es n\u00e3o se responsabiliza por qualquer evento de for\u00e7a maior que provoque o mau funcionamento do site ou do servidor, sem preju\u00edzo de qualquer interrup\u00e7\u00e3o ou modifica\u00e7\u00e3o em caso de manuten\u00e7\u00e3o. Nesses casos, o usu\u00e1rio concorda em n\u00e3o responsabilizar o editor por qualquer interrup\u00e7\u00e3o ou suspens\u00e3o do servi\u00e7o, mesmo sem aviso pr\u00e9vio. O usu\u00e1rio pode entrar em contato com o site por e-mail no endere\u00e7o de e-mail do editor <a href=\"mailto:contact@leaotyre.fr\">info@leao.es<\/a>  <\/p>\n<\/div>\n\t\t\t\t<\/div>\n\t\t\t\t\t\t\t<div class=\"elementor-accordion-item\">\n\t\t\t\t\t<div id=\"elementor-tab-title-3123\" class=\"elementor-tab-title\" data-tab=\"3\" role=\"button\" aria-controls=\"elementor-tab-content-3123\" aria-expanded=\"false\">\n\t\t\t\t\t\t\t\t\t\t\t\t\t<span class=\"elementor-accordion-icon elementor-accordion-icon-left\" aria-hidden=\"true\">\n\t\t\t\t\t\t\t\t\t\t\t\t\t\t\t<span class=\"elementor-accordion-icon-closed\"><i class=\"fas fa-plus-circle\"><\/i><\/span>\n\t\t\t\t\t\t\t\t<span class=\"elementor-accordion-icon-opened\"><i class=\"fas fa-minus-circle\"><\/i><\/span>\n\t\t\t\t\t\t\t\t\t\t\t\t\t\t<\/span>\n\t\t\t\t\t\t\t\t\t\t\t\t<a class=\"elementor-accordion-title\" tabindex=\"0\">ARTIGO 3: Dados pessoais<\/a>\n\t\t\t\t\t<\/div>\n\t\t\t\t\t<div id=\"elementor-tab-content-3123\" class=\"elementor-tab-content elementor-clearfix\" data-tab=\"3\" role=\"region\" aria-labelledby=\"elementor-tab-title-3123\"><p>De acordo com a regulamenta\u00e7\u00e3o vigente e aplic\u00e1vel em mat\u00e9ria de protec\u00e7\u00e3o de dados pessoais, informamos que os seus dados ser\u00e3o incorporados no sistema de tratamento propriedade da AD PARTS SL com NIF B17228081 e sede social em AV MAS VILA 139-147 17457, RIUDELLOTS DE LA SELVA (GIRONA), e respetivas finalidades, prazos de conserva\u00e7\u00e3o e bases legitimadoras est\u00e3o listados abaixo. Poder\u00e1 consultar a nossa pol\u00edtica de privacidade clicando aqui.<\/p>\n<p>Em cumprimento da Lei 34\/2002, de 11 de julho, de Servi\u00e7os da Sociedade da Informa\u00e7\u00e3o e Com\u00e9rcio Eletr\u00f3nico (LSSI-CE), a AD PARTS SL informa que \u00e9 propriet\u00e1ria do site<\/p>\n<p>Os utilizadores t\u00eam o direito de acesso, retifica\u00e7\u00e3o, elimina\u00e7\u00e3o e oposi\u00e7\u00e3o dos seus dados pessoais. O usu\u00e1rio exerce este direito: <\/p>\n<ul>\n<li>por e-mail para <a href=\"mailto:contact@leaotire.fr\">info@leao.es<\/a> <\/li>\n<li>por correio AV MAS VILA 139-147 17457, RIUDELLOTS DE LA SELVA (GIRONA) (ao cuidado de AD PARTS SL)<\/li>\n<\/ul>\n<\/div>\n\t\t\t\t<\/div>\n\t\t\t\t\t\t\t<div class=\"elementor-accordion-item\">\n\t\t\t\t\t<div id=\"elementor-tab-title-3124\" class=\"elementor-tab-title\" data-tab=\"4\" role=\"button\" aria-controls=\"elementor-tab-content-3124\" aria-expanded=\"false\">\n\t\t\t\t\t\t\t\t\t\t\t\t\t<span class=\"elementor-accordion-icon elementor-accordion-icon-left\" aria-hidden=\"true\">\n\t\t\t\t\t\t\t\t\t\t\t\t\t\t\t<span class=\"elementor-accordion-icon-closed\"><i class=\"fas fa-plus-circle\"><\/i><\/span>\n\t\t\t\t\t\t\t\t<span class=\"elementor-accordion-icon-opened\"><i class=\"fas fa-minus-circle\"><\/i><\/span>\n\t\t\t\t\t\t\t\t\t\t\t\t\t\t<\/span>\n\t\t\t\t\t\t\t\t\t\t\t\t<a class=\"elementor-accordion-title\" tabindex=\"0\">ARTIGO 4: Propriedade intelectual<\/a>\n\t\t\t\t\t<\/div>\n\t\t\t\t\t<div id=\"elementor-tab-content-3124\" class=\"elementor-tab-content elementor-clearfix\" data-tab=\"4\" role=\"region\" aria-labelledby=\"elementor-tab-title-3124\"><p>As marcas, log\u00f3tipos, sinais e todo o conte\u00fado do site (texto, imagens, som, etc.) est\u00e3o protegidos pelo C\u00f3digo de Propriedade Intelectual franc\u00eas e, mais especificamente, pelos direitos de autor.<\/p>\n<p>Le\u00e3o Tire \u00e9 uma marca registrada da Shandong Linglong Tire CO, LTD. AD Parts SL \u00e9 o agente exclusivo para Espanha da marca Le\u00e3o Tire, em nome da Shandong Linglong Tire CO, LTD. <\/p>\n<p>Qualquer representa\u00e7\u00e3o e\/ou reprodu\u00e7\u00e3o e\/ou utiliza\u00e7\u00e3o parcial ou total desta marca, de qualquer natureza, \u00e9 totalmente proibida.<\/p>\n<p>O usu\u00e1rio dever\u00e1 solicitar autoriza\u00e7\u00e3o pr\u00e9via do site para qualquer reprodu\u00e7\u00e3o, publica\u00e7\u00e3o ou c\u00f3pia dos diversos conte\u00fados. O utilizador compromete-se a utilizar os conte\u00fados do site num contexto estritamente privado, sendo expressamente proibida qualquer utiliza\u00e7\u00e3o para fins comerciais ou publicit\u00e1rios. <\/p>\n<p>Em virtude do disposto na Lei de Propriedade Intelectual, a reprodu\u00e7\u00e3o, distribui\u00e7\u00e3o e comunica\u00e7\u00e3o p\u00fablica, incluindo a forma de disponibiliza\u00e7\u00e3o, de todo ou parte do conte\u00fado deste site, para fins comerciais, s\u00e3o expressamente proibidas em qualquer meio e por meio de comunica\u00e7\u00e3o. qualquer meio t\u00e9cnico, sem autoriza\u00e7\u00e3o da AD PARTS SL.<\/p>\n<p>O usu\u00e1rio concorda em respeitar os direitos de Propriedade Intelectual e Industrial pertencentes \u00e0 AD PARTS SL<\/p>\n<\/div>\n\t\t\t\t<\/div>\n\t\t\t\t\t\t\t<div class=\"elementor-accordion-item\">\n\t\t\t\t\t<div id=\"elementor-tab-title-3125\" class=\"elementor-tab-title\" data-tab=\"5\" role=\"button\" aria-controls=\"elementor-tab-content-3125\" aria-expanded=\"false\">\n\t\t\t\t\t\t\t\t\t\t\t\t\t<span class=\"elementor-accordion-icon elementor-accordion-icon-left\" aria-hidden=\"true\">\n\t\t\t\t\t\t\t\t\t\t\t\t\t\t\t<span class=\"elementor-accordion-icon-closed\"><i class=\"fas fa-plus-circle\"><\/i><\/span>\n\t\t\t\t\t\t\t\t<span class=\"elementor-accordion-icon-opened\"><i class=\"fas fa-minus-circle\"><\/i><\/span>\n\t\t\t\t\t\t\t\t\t\t\t\t\t\t<\/span>\n\t\t\t\t\t\t\t\t\t\t\t\t<a class=\"elementor-accordion-title\" tabindex=\"0\">ARTIGO 5: Responsabilidade<\/a>\n\t\t\t\t\t<\/div>\n\t\t\t\t\t<div id=\"elementor-tab-content-3125\" class=\"elementor-tab-content elementor-clearfix\" data-tab=\"5\" role=\"region\" aria-labelledby=\"elementor-tab-title-3125\"><p>As fontes da informa\u00e7\u00e3o publicada no site www.leao.es s\u00e3o consideradas confi\u00e1veis, mas o site n\u00e3o garante que esteja livre de defeitos, erros ou omiss\u00f5es. As informa\u00e7\u00f5es fornecidas s\u00e3o meramente indicativas e n\u00e3o t\u00eam valor contratual. Apesar das atualiza\u00e7\u00f5es peri\u00f3dicas, o site www.leao.es n\u00e3o se responsabiliza pelas altera\u00e7\u00f5es nas disposi\u00e7\u00f5es administrativas e legais que ocorram ap\u00f3s a sua publica\u00e7\u00e3o. Da mesma forma, o site n\u00e3o se responsabiliza pela utiliza\u00e7\u00e3o e interpreta\u00e7\u00e3o da informa\u00e7\u00e3o contida neste site.<\/p>\n<p>O site www.leao.es n\u00e3o se responsabiliza por v\u00edrus que possam infectar o computador ou qualquer outro equipamento inform\u00e1tico do internauta ap\u00f3s utilizar, acessar ou baixar este site.<\/p>\n<p>O site n\u00e3o pode ser responsabilizado em caso de for\u00e7a maior ou ato imprevis\u00edvel e intranspon\u00edvel de terceiros.<\/p>\n<\/div>\n\t\t\t\t<\/div>\n\t\t\t\t\t\t\t<div class=\"elementor-accordion-item\">\n\t\t\t\t\t<div id=\"elementor-tab-title-3126\" class=\"elementor-tab-title\" data-tab=\"6\" role=\"button\" aria-controls=\"elementor-tab-content-3126\" aria-expanded=\"false\">\n\t\t\t\t\t\t\t\t\t\t\t\t\t<span class=\"elementor-accordion-icon elementor-accordion-icon-left\" aria-hidden=\"true\">\n\t\t\t\t\t\t\t\t\t\t\t\t\t\t\t<span class=\"elementor-accordion-icon-closed\"><i class=\"fas fa-plus-circle\"><\/i><\/span>\n\t\t\t\t\t\t\t\t<span class=\"elementor-accordion-icon-opened\"><i class=\"fas fa-minus-circle\"><\/i><\/span>\n\t\t\t\t\t\t\t\t\t\t\t\t\t\t<\/span>\n\t\t\t\t\t\t\t\t\t\t\t\t<a class=\"elementor-accordion-title\" tabindex=\"0\">ARTIGO 6: Links de hipertexto<\/a>\n\t\t\t\t\t<\/div>\n\t\t\t\t\t<div id=\"elementor-tab-content-3126\" class=\"elementor-tab-content elementor-clearfix\" data-tab=\"6\" role=\"region\" aria-labelledby=\"elementor-tab-title-3126\"><p>Pode haver links de hipertexto no site. Os utilizadores s\u00e3o informados de que, ao clicar nestes links, sair\u00e3o do site www.leao.es. Este \u00faltimo n\u00e3o exerce qualquer controlo sobre as p\u00e1ginas web para as quais conduzem esses links e n\u00e3o \u00e9 respons\u00e1vel em nenhum caso pelo seu conte\u00fado.<\/p>\n<\/div>\n\t\t\t\t<\/div>\n\t\t\t\t\t\t\t<div class=\"elementor-accordion-item\">\n\t\t\t\t\t<div id=\"elementor-tab-title-3127\" class=\"elementor-tab-title\" data-tab=\"7\" role=\"button\" aria-controls=\"elementor-tab-content-3127\" aria-expanded=\"false\">\n\t\t\t\t\t\t\t\t\t\t\t\t\t<span class=\"elementor-accordion-icon elementor-accordion-icon-left\" aria-hidden=\"true\">\n\t\t\t\t\t\t\t\t\t\t\t\t\t\t\t<span class=\"elementor-accordion-icon-closed\"><i class=\"fas fa-plus-circle\"><\/i><\/span>\n\t\t\t\t\t\t\t\t<span class=\"elementor-accordion-icon-opened\"><i class=\"fas fa-minus-circle\"><\/i><\/span>\n\t\t\t\t\t\t\t\t\t\t\t\t\t\t<\/span>\n\t\t\t\t\t\t\t\t\t\t\t\t<a class=\"elementor-accordion-title\" tabindex=\"0\">ARTIGO 7: Cookies<\/a>\n\t\t\t\t\t<\/div>\n\t\t\t\t\t<div id=\"elementor-tab-content-3127\" class=\"elementor-tab-content elementor-clearfix\" data-tab=\"7\" role=\"region\" aria-labelledby=\"elementor-tab-title-3127\"><p>Informa-se aos utilizadores que ao visitar o site poder\u00e1 ser instalado automaticamente um cookie no seu navegador.<\/p>\n<p>Os cookies s\u00e3o pequenos arquivos armazenados temporariamente no disco r\u00edgido do computador do usu\u00e1rio pelo seu navegador e s\u00e3o necess\u00e1rios para a utiliza\u00e7\u00e3o do site www.leao.es. Os cookies n\u00e3o cont\u00eam nenhuma informa\u00e7\u00e3o pessoal e n\u00e3o podem ser usados \u200b\u200bpara identificar ningu\u00e9m. Um cookie cont\u00e9m um identificador \u00fanico gerado aleatoriamente e, portanto, an\u00f4nimo. Alguns cookies expiram ao final da visita do usu\u00e1rio, enquanto outros permanecem.<\/p>\n<p>A informa\u00e7\u00e3o contida nos cookies \u00e9 utilizada para melhorar o site, por exemplo:<\/p>\n<ul>\n<li>Permitir que um servi\u00e7o reconhe\u00e7a o dispositivo do usu\u00e1rio, para que ele n\u00e3o precise fornecer as mesmas informa\u00e7\u00f5es repetidamente, por exemplo, para preencher um formul\u00e1rio ou uma pesquisa.<\/li>\n<li>Lembre-se que voc\u00ea, usu\u00e1rio, j\u00e1 informou seu nome de usu\u00e1rio e senha, portanto n\u00e3o precisar\u00e1 faz\u00ea-lo novamente a cada nova p\u00e1gina.<\/li>\n<li>Monitorizar a forma como os utilizadores utilizam os servi\u00e7os, para facilitar a sua utiliza\u00e7\u00e3o e atribuir-lhes poder suficiente para garantir a sua capacidade de resposta.<\/li>\n<li>Analisar dados an\u00f3nimos para ajudar a compreender como os utilizadores interagem com diferentes aspectos dos servi\u00e7os online e, assim, permitir a sua melhoria.<\/li>\n<\/ul>\n<p>Ao navegar no site, o usu\u00e1rio os aceita. Na falta de aceita\u00e7\u00e3o, o utilizador \u00e9 informado que determinadas fun\u00e7\u00f5es ou p\u00e1ginas poder\u00e3o ser rejeitadas. O usu\u00e1rio pode desativar este cookie atrav\u00e9s das configura\u00e7\u00f5es do seu navegador.<\/p>\n<\/div>\n\t\t\t\t<\/div>\n\t\t\t\t\t\t\t<div class=\"elementor-accordion-item\">\n\t\t\t\t\t<div id=\"elementor-tab-title-3128\" class=\"elementor-tab-title\" data-tab=\"8\" role=\"button\" aria-controls=\"elementor-tab-content-3128\" aria-expanded=\"false\">\n\t\t\t\t\t\t\t\t\t\t\t\t\t<span class=\"elementor-accordion-icon elementor-accordion-icon-left\" aria-hidden=\"true\">\n\t\t\t\t\t\t\t\t\t\t\t\t\t\t\t<span class=\"elementor-accordion-icon-closed\"><i class=\"fas fa-plus-circle\"><\/i><\/span>\n\t\t\t\t\t\t\t\t<span class=\"elementor-accordion-icon-opened\"><i class=\"fas fa-minus-circle\"><\/i><\/span>\n\t\t\t\t\t\t\t\t\t\t\t\t\t\t<\/span>\n\t\t\t\t\t\t\t\t\t\t\t\t<a class=\"elementor-accordion-title\" tabindex=\"0\">ARTIGO 8: Lei e jurisdi\u00e7\u00e3o aplic\u00e1veis  <\/a>\n\t\t\t\t\t<\/div>\n\t\t\t\t\t<div id=\"elementor-tab-content-3128\" class=\"elementor-tab-content elementor-clearfix\" data-tab=\"8\" role=\"region\" aria-labelledby=\"elementor-tab-title-3128\"><p>A lei francesa aplica-se a este contrato. Se um lit\u00edgio entre as partes n\u00e3o puder ser resolvido amigavelmente, os tribunais franceses ser\u00e3o os \u00fanicos competentes. Para qualquer quest\u00e3o relativa \u00e0 aplica\u00e7\u00e3o destas CGU, pode contactar o editor atrav\u00e9s dos dados de contacto disponibilizados no ARTIGO 1.<\/p>\n<\/div>\n\t\t\t\t<\/div>\n\t\t\t\t\t\t\t\t<\/div>\n\t\t\t\t<\/div>\n\t\t\t\t<\/div>\n\t\t\t\t\t<\/div>\n\t\t<\/div>\n\t\t\t\t\t<\/div>\n\t\t<\/section>\n\t\t\t\t<\/div>\n\t\t","protected":false},"excerpt":{"rendered":"<p>Condi\u00e7\u00f5es de uso Condi\u00e7\u00f5es de utiliza\u00e7\u00e3o do site www.leao.es Em vigor a partir de 1\u00ba de janeiro de 2020 O objetivo das Condi\u00e7\u00f5es Gerais de Utiliza\u00e7\u00e3o \u00e9 estabelecer um quadro jur\u00eddico para a disponibiliza\u00e7\u00e3o do site www.leao.es e dos seus servi\u00e7os, bem como definir as condi\u00e7\u00f5es de acesso e utiliza\u00e7\u00e3o do mesmo. Estes Termos de [&hellip;]<\/p>\n","protected":false},"author":1,"featured_media":0,"parent":0,"menu_order":0,"comment_status":"closed","ping_status":"closed","template":"elementor_canvas","meta":{"_eb_attr":"","footnotes":""},"_links":{"self":[{"href":"https:\/\/www.leao.es\/pt-pt\/wp-json\/wp\/v2\/pages\/4413"}],"collection":[{"href":"https:\/\/www.leao.es\/pt-pt\/wp-json\/wp\/v2\/pages"}],"about":[{"href":"https:\/\/www.leao.es\/pt-pt\/wp-json\/wp\/v2\/types\/page"}],"author":[{"embeddable":true,"href":"https:\/\/www.leao.es\/pt-pt\/wp-json\/wp\/v2\/users\/1"}],"replies":[{"embeddable":true,"href":"https:\/\/www.leao.es\/pt-pt\/wp-json\/wp\/v2\/comments?post=4413"}],"version-history":[{"count":1,"href":"https:\/\/www.leao.es\/pt-pt\/wp-json\/wp\/v2\/pages\/4413\/revisions"}],"predecessor-version":[{"id":4414,"href":"https:\/\/www.leao.es\/pt-pt\/wp-json\/wp\/v2\/pages\/4413\/revisions\/4414"}],"wp:attachment":[{"href":"https:\/\/www.leao.es\/pt-pt\/wp-json\/wp\/v2\/media?parent=4413"}],"curies":[{"name":"wp","href":"https:\/\/api.w.org\/{rel}","templated":true}]}}