{"id":4428,"date":"2019-09-25T09:11:12","date_gmt":"2019-09-25T07:11:12","guid":{"rendered":"https:\/\/www.leao.es\/contate-nos\/"},"modified":"2026-01-27T12:07:54","modified_gmt":"2026-01-27T10:07:54","slug":"contate-nos","status":"publish","type":"page","link":"https:\/\/www.leao.es\/pt-pt\/contate-nos\/","title":{"rendered":"Contate-nos"},"content":{"rendered":"\t\t<div data-elementor-type=\"wp-page\" data-elementor-id=\"4428\" class=\"elementor elementor-4428 elementor-30\" data-elementor-post-type=\"page\">\n\t\t\t\t\t\t<section class=\"elementor-section elementor-top-section elementor-element elementor-element-19741bfb elementor-section-boxed elementor-section-height-default elementor-section-height-default elementor-invisible\" data-id=\"19741bfb\" data-element_type=\"section\" data-settings=\"{&quot;background_background&quot;:&quot;classic&quot;,&quot;animation&quot;:&quot;fadeInDown&quot;}\">\n\t\t\t\t\t\t<div class=\"elementor-container elementor-column-gap-default\">\n\t\t\t\t\t<div class=\"elementor-column elementor-col-100 elementor-top-column elementor-element elementor-element-4940c23c\" data-id=\"4940c23c\" data-element_type=\"column\">\n\t\t\t<div class=\"elementor-widget-wrap elementor-element-populated\">\n\t\t\t\t\t\t<div class=\"elementor-element elementor-element-53d83755 elementor-widget elementor-widget-heading\" data-id=\"53d83755\" data-element_type=\"widget\" data-widget_type=\"heading.default\">\n\t\t\t\t<div class=\"elementor-widget-container\">\n\t\t\t<h2 class=\"elementor-heading-title elementor-size-default\">Tem perguntas? N\u00f3s entraremos em contato com voc\u00ea.<\/h2>\t\t<\/div>\n\t\t\t\t<\/div>\n\t\t\t\t<div class=\"elementor-element elementor-element-2ec6c5e8 elementor-widget elementor-widget-text-editor\" data-id=\"2ec6c5e8\" data-element_type=\"widget\" data-widget_type=\"text-editor.default\">\n\t\t\t\t<div class=\"elementor-widget-container\">\n\t\t\t\t\t\t\t<p>Tens um distribuidor de Neum\u00e1ticos Leao perto de ti?<br \/>\nNecessitas de informa\u00e7\u00e3o t\u00e9cnica sobre os nossos produtos?<br \/>\nOu simplesmente tens uma pergunta sobre a nossa marca?<br \/>\nPreenche o seguinte formul\u00e1rio e entraremos em contacto contigo com a maior brevidade poss\u00edvel.   <\/p>\n\t\t\t\t\t\t<\/div>\n\t\t\t\t<\/div>\n\t\t\t\t\t<\/div>\n\t\t<\/div>\n\t\t\t\t\t<\/div>\n\t\t<\/section>\n\t\t\t\t<section class=\"elementor-section elementor-top-section elementor-element elementor-element-74b5b0ba elementor-section-boxed elementor-section-height-default elementor-section-height-default\" data-id=\"74b5b0ba\" data-element_type=\"section\" data-settings=\"{&quot;background_background&quot;:&quot;classic&quot;}\">\n\t\t\t\t\t\t<div class=\"elementor-container elementor-column-gap-default\">\n\t\t\t\t\t<div class=\"elementor-column elementor-col-100 elementor-top-column elementor-element elementor-element-103f5918\" data-id=\"103f5918\" data-element_type=\"column\">\n\t\t\t<div class=\"elementor-widget-wrap elementor-element-populated\">\n\t\t\t\t\t\t<div class=\"elementor-element elementor-element-24ea1e59 elementor-align-center elementor-invisible elementor-widget elementor-widget-button\" data-id=\"24ea1e59\" data-element_type=\"widget\" data-settings=\"{&quot;_animation&quot;:&quot;bounceIn&quot;}\" data-widget_type=\"button.default\">\n\t\t\t\t<div class=\"elementor-widget-container\">\n\t\t\t\t\t<div class=\"elementor-button-wrapper\">\n\t\t\t<a class=\"elementor-button elementor-button-link elementor-size-xl elementor-animation-grow\" href=\"https:\/\/www.leao.es\/trouvez-un-revendeur\/\">\n\t\t\t\t\t\t<span class=\"elementor-button-content-wrapper\">\n\t\t\t\t\t\t<span class=\"elementor-button-icon\">\n\t\t\t\t<i aria-hidden=\"true\" class=\"fas fa-map-marked-alt\"><\/i>\t\t\t<\/span>\n\t\t\t\t\t\t\t\t\t<span class=\"elementor-button-text\">Encontre o revendedor de pneus Leo mais pr\u00f3ximo<\/span>\n\t\t\t\t\t<\/span>\n\t\t\t\t\t<\/a>\n\t\t<\/div>\n\t\t\t\t<\/div>\n\t\t\t\t<\/div>\n\t\t\t\t\t<\/div>\n\t\t<\/div>\n\t\t\t\t\t<\/div>\n\t\t<\/section>\n\t\t\t\t<section class=\"elementor-section elementor-top-section elementor-element elementor-element-6e17b7cc elementor-section-stretched elementor-section-full_width elementor-section-height-default elementor-section-height-default\" data-id=\"6e17b7cc\" data-element_type=\"section\" data-settings=\"{&quot;stretch_section&quot;:&quot;section-stretched&quot;,&quot;background_background&quot;:&quot;classic&quot;}\">\n\t\t\t\t\t\t\t<div class=\"elementor-background-overlay\"><\/div>\n\t\t\t\t\t\t\t<div class=\"elementor-container elementor-column-gap-default\">\n\t\t\t\t\t<div class=\"elementor-column elementor-col-100 elementor-top-column elementor-element elementor-element-5a45a7d5\" data-id=\"5a45a7d5\" data-element_type=\"column\" data-settings=\"{&quot;background_background&quot;:&quot;classic&quot;}\">\n\t\t\t<div class=\"elementor-widget-wrap\">\n\t\t\t\t\t<div class=\"elementor-background-overlay\"><\/div>\n\t\t\t\t\t\t\t<\/div>\n\t\t<\/div>\n\t\t\t\t\t<\/div>\n\t\t<\/section>\n\t\t\t\t<\/div>\n\t\t","protected":false},"excerpt":{"rendered":"<p>Tem perguntas? N\u00f3s entraremos em contato com voc\u00ea. Tens um distribuidor de Neum\u00e1ticos Leao perto de ti? Necessitas de informa\u00e7\u00e3o t\u00e9cnica sobre os nossos produtos? Ou simplesmente tens uma pergunta sobre a nossa marca? Preenche o seguinte formul\u00e1rio e entraremos em contacto contigo com a maior brevidade poss\u00edvel. Encontre o revendedor de pneus Leo mais [&hellip;]<\/p>\n","protected":false},"author":1,"featured_media":0,"parent":0,"menu_order":0,"comment_status":"closed","ping_status":"closed","template":"elementor_canvas","meta":{"_eb_attr":"","footnotes":""},"_links":{"self":[{"href":"https:\/\/www.leao.es\/pt-pt\/wp-json\/wp\/v2\/pages\/4428"}],"collection":[{"href":"https:\/\/www.leao.es\/pt-pt\/wp-json\/wp\/v2\/pages"}],"about":[{"href":"https:\/\/www.leao.es\/pt-pt\/wp-json\/wp\/v2\/types\/page"}],"author":[{"embeddable":true,"href":"https:\/\/www.leao.es\/pt-pt\/wp-json\/wp\/v2\/users\/1"}],"replies":[{"embeddable":true,"href":"https:\/\/www.leao.es\/pt-pt\/wp-json\/wp\/v2\/comments?post=4428"}],"version-history":[{"count":8,"href":"https:\/\/www.leao.es\/pt-pt\/wp-json\/wp\/v2\/pages\/4428\/revisions"}],"predecessor-version":[{"id":5282,"href":"https:\/\/www.leao.es\/pt-pt\/wp-json\/wp\/v2\/pages\/4428\/revisions\/5282"}],"wp:attachment":[{"href":"https:\/\/www.leao.es\/pt-pt\/wp-json\/wp\/v2\/media?parent=4428"}],"curies":[{"name":"wp","href":"https:\/\/api.w.org\/{rel}","templated":true}]}}